{"id":8,"date":"2023-04-02T02:16:37","date_gmt":"2023-04-02T02:16:37","guid":{"rendered":"https:\/\/estacaodocrepe.danielseger.com\/cardapios\/?page_id=8"},"modified":"2025-06-19T19:34:58","modified_gmt":"2025-06-19T19:34:58","slug":"cardapios","status":"publish","type":"page","link":"https:\/\/estacaodocrepe.danielseger.com\/cardapios\/","title":{"rendered":"CARDAPIOS"},"content":{"rendered":"\t\t<div data-elementor-type=\"wp-page\" data-elementor-id=\"8\" class=\"elementor elementor-8\" data-elementor-post-type=\"page\">\n\t\t\t\t\t\t<section class=\"elementor-section elementor-top-section elementor-element elementor-element-04a2d38 elementor-section-boxed elementor-section-height-default elementor-section-height-default\" data-id=\"04a2d38\" data-element_type=\"section\">\n\t\t\t\t\t\t<div class=\"elementor-container elementor-column-gap-default\">\n\t\t\t\t\t<div class=\"elementor-column elementor-col-100 elementor-top-column elementor-element elementor-element-1eb07f2\" data-id=\"1eb07f2\" data-element_type=\"column\" data-settings=\"{&quot;background_background&quot;:&quot;classic&quot;}\">\n\t\t\t<div class=\"elementor-widget-wrap elementor-element-populated\">\n\t\t\t\t\t\t<div class=\"elementor-element elementor-element-7cc20e8 elementor-widget elementor-widget-heading\" data-id=\"7cc20e8\" data-element_type=\"widget\" data-widget_type=\"heading.default\">\n\t\t\t\t<div class=\"elementor-widget-container\">\n\t\t\t\t\t<h2 class=\"elementor-heading-title elementor-size-default\">CARD\u00c1PIOS<\/h2>\t\t\t\t<\/div>\n\t\t\t\t<\/div>\n\t\t\t\t\t<\/div>\n\t\t<\/div>\n\t\t\t\t\t<\/div>\n\t\t<\/section>\n\t\t\t\t<section class=\"elementor-section elementor-top-section elementor-element elementor-element-271b8af elementor-section-full_width elementor-section-height-full elementor-section-items-top elementor-section-height-default\" data-id=\"271b8af\" data-element_type=\"section\" data-settings=\"{&quot;background_background&quot;:&quot;classic&quot;}\">\n\t\t\t\t\t\t<div class=\"elementor-container elementor-column-gap-default\">\n\t\t\t\t\t<div class=\"elementor-column elementor-col-100 elementor-top-column elementor-element elementor-element-a103e18\" data-id=\"a103e18\" data-element_type=\"column\" data-settings=\"{&quot;background_background&quot;:&quot;classic&quot;}\">\n\t\t\t<div class=\"elementor-widget-wrap elementor-element-populated\">\n\t\t\t\t\t\t<div class=\"elementor-element elementor-element-48f5214 elementor-widget elementor-widget-image\" data-id=\"48f5214\" data-element_type=\"widget\" data-widget_type=\"image.default\">\n\t\t\t\t<div class=\"elementor-widget-container\">\n\t\t\t\t\t\t\t\t\t\t\t\t\t\t\t\t<a href=\"https:\/\/www.estacaodocrepe.com.br\/\">\n\t\t\t\t\t\t\t<img fetchpriority=\"high\" decoding=\"async\" width=\"768\" height=\"451\" src=\"https:\/\/estacaodocrepe.danielseger.com\/cardapios\/wp-content\/uploads\/2025\/06\/LOGO-CREPE-TRANSP-NEGATIVO-768x451.png\" class=\"attachment-medium_large size-medium_large wp-image-184\" alt=\"\" srcset=\"https:\/\/estacaodocrepe.danielseger.com\/cardapios\/wp-content\/uploads\/2025\/06\/LOGO-CREPE-TRANSP-NEGATIVO-768x451.png 768w, https:\/\/estacaodocrepe.danielseger.com\/cardapios\/wp-content\/uploads\/2025\/06\/LOGO-CREPE-TRANSP-NEGATIVO-300x176.png 300w, https:\/\/estacaodocrepe.danielseger.com\/cardapios\/wp-content\/uploads\/2025\/06\/LOGO-CREPE-TRANSP-NEGATIVO.png 837w\" sizes=\"(max-width: 768px) 100vw, 768px\" \/>\t\t\t\t\t\t\t\t<\/a>\n\t\t\t\t\t\t\t\t\t\t\t\t\t\t\t<\/div>\n\t\t\t\t<\/div>\n\t\t\t\t<section class=\"elementor-section elementor-inner-section elementor-element elementor-element-6611a4f elementor-section-boxed elementor-section-height-default elementor-section-height-default\" data-id=\"6611a4f\" data-element_type=\"section\" data-settings=\"{&quot;background_background&quot;:&quot;classic&quot;}\">\n\t\t\t\t\t\t<div class=\"elementor-container elementor-column-gap-default\">\n\t\t\t\t\t<div class=\"elementor-column elementor-col-100 elementor-inner-column elementor-element elementor-element-3a01e2d\" data-id=\"3a01e2d\" data-element_type=\"column\" data-settings=\"{&quot;background_background&quot;:&quot;classic&quot;}\">\n\t\t\t<div class=\"elementor-widget-wrap elementor-element-populated\">\n\t\t\t\t\t\t<div class=\"elementor-element elementor-element-3e7f734 elementor-mobile-align-center elementor-align-center elementor-widget elementor-widget-button\" data-id=\"3e7f734\" data-element_type=\"widget\" data-widget_type=\"button.default\">\n\t\t\t\t<div class=\"elementor-widget-container\">\n\t\t\t\t\t\t\t\t\t<div class=\"elementor-button-wrapper\">\n\t\t\t\t\t<a class=\"elementor-button elementor-button-link elementor-size-sm\" href=\"https:\/\/estacaodocrepe.danielseger.com\/cardapios\/?page_id=40\">\n\t\t\t\t\t\t<span class=\"elementor-button-content-wrapper\">\n\t\t\t\t\t\t\t\t\t<span class=\"elementor-button-text\">  Card\u00e1pio Normal<\/span>\n\t\t\t\t\t<\/span>\n\t\t\t\t\t<\/a>\n\t\t\t\t<\/div>\n\t\t\t\t\t\t\t\t<\/div>\n\t\t\t\t<\/div>\n\t\t\t\t<div class=\"elementor-element elementor-element-54af9a0 elementor-mobile-align-center elementor-align-center elementor-widget elementor-widget-button\" data-id=\"54af9a0\" data-element_type=\"widget\" data-widget_type=\"button.default\">\n\t\t\t\t<div class=\"elementor-widget-container\">\n\t\t\t\t\t\t\t\t\t<div class=\"elementor-button-wrapper\">\n\t\t\t\t\t<a class=\"elementor-button elementor-button-link elementor-size-sm\" href=\"https:\/\/estacaodocrepe.danielseger.com\/cardapios\/?page_id=146\">\n\t\t\t\t\t\t<span class=\"elementor-button-content-wrapper\">\n\t\t\t\t\t\t\t\t\t<span class=\"elementor-button-text\">Card\u00e1pio Especial<\/span>\n\t\t\t\t\t<\/span>\n\t\t\t\t\t<\/a>\n\t\t\t\t<\/div>\n\t\t\t\t\t\t\t\t<\/div>\n\t\t\t\t<\/div>\n\t\t\t\t<div class=\"elementor-element elementor-element-14d2e8e elementor-widget-mobile__width-initial elementor-absolute elementor-widget elementor-widget-button\" data-id=\"14d2e8e\" data-element_type=\"widget\" data-settings=\"{&quot;_position&quot;:&quot;absolute&quot;}\" data-widget_type=\"button.default\">\n\t\t\t\t<div class=\"elementor-widget-container\">\n\t\t\t\t\t\t\t\t\t<div class=\"elementor-button-wrapper\">\n\t\t\t\t\t<a class=\"elementor-button elementor-button-link elementor-size-sm\" href=\"http:\/\/wa.me\/555432863752\">\n\t\t\t\t\t\t<span class=\"elementor-button-content-wrapper\">\n\t\t\t\t\t\t<span class=\"elementor-button-icon\">\n\t\t\t\t<i aria-hidden=\"true\" class=\"fab fa-whatsapp\"><\/i>\t\t\t<\/span>\n\t\t\t\t\t\t\t\t<\/span>\n\t\t\t\t\t<\/a>\n\t\t\t\t<\/div>\n\t\t\t\t\t\t\t\t<\/div>\n\t\t\t\t<\/div>\n\t\t\t\t\t<\/div>\n\t\t<\/div>\n\t\t\t\t\t<\/div>\n\t\t<\/section>\n\t\t\t\t\t<\/div>\n\t\t<\/div>\n\t\t\t\t\t<\/div>\n\t\t<\/section>\n\t\t\t\t<\/div>\n\t\t","protected":false},"excerpt":{"rendered":"<p>CARD\u00c1PIOS Card\u00e1pio Normal Card\u00e1pio Especial<\/p>\n","protected":false},"author":1,"featured_media":0,"parent":0,"menu_order":0,"comment_status":"closed","ping_status":"closed","template":"elementor_canvas","meta":{"footnotes":""},"class_list":["post-8","page","type-page","status-publish","hentry"],"_links":{"self":[{"href":"https:\/\/estacaodocrepe.danielseger.com\/cardapios\/index.php?rest_route=\/wp\/v2\/pages\/8","targetHints":{"allow":["GET"]}}],"collection":[{"href":"https:\/\/estacaodocrepe.danielseger.com\/cardapios\/index.php?rest_route=\/wp\/v2\/pages"}],"about":[{"href":"https:\/\/estacaodocrepe.danielseger.com\/cardapios\/index.php?rest_route=\/wp\/v2\/types\/page"}],"author":[{"embeddable":true,"href":"https:\/\/estacaodocrepe.danielseger.com\/cardapios\/index.php?rest_route=\/wp\/v2\/users\/1"}],"replies":[{"embeddable":true,"href":"https:\/\/estacaodocrepe.danielseger.com\/cardapios\/index.php?rest_route=%2Fwp%2Fv2%2Fcomments&post=8"}],"version-history":[{"count":93,"href":"https:\/\/estacaodocrepe.danielseger.com\/cardapios\/index.php?rest_route=\/wp\/v2\/pages\/8\/revisions"}],"predecessor-version":[{"id":264,"href":"https:\/\/estacaodocrepe.danielseger.com\/cardapios\/index.php?rest_route=\/wp\/v2\/pages\/8\/revisions\/264"}],"wp:attachment":[{"href":"https:\/\/estacaodocrepe.danielseger.com\/cardapios\/index.php?rest_route=%2Fwp%2Fv2%2Fmedia&parent=8"}],"curies":[{"name":"wp","href":"https:\/\/api.w.org\/{rel}","templated":true}]}}